{"id":16519,"date":"2025-04-16T16:08:30","date_gmt":"2025-04-16T14:08:30","guid":{"rendered":"https:\/\/agile.ch\/mentions-legales\/"},"modified":"2026-03-11T14:35:30","modified_gmt":"2026-03-11T13:35:30","slug":"mentions-legales","status":"publish","type":"page","link":"https:\/\/agile.ch\/fr\/mentions-legales\/","title":{"rendered":"Mentions l\u00e9gales"},"content":{"rendered":"\t\t<div data-elementor-type=\"wp-page\" data-elementor-id=\"16519\" class=\"elementor elementor-16519 elementor-16478\" data-elementor-post-type=\"page\">\n\t\t\t\t<div class=\"elementor-element elementor-element-68e38992 e-con-full e-flex e-con e-parent\" data-id=\"68e38992\" data-element_type=\"container\" data-e-type=\"container\">\n\t\t\t\t<div class=\"elementor-element elementor-element-53c7c099 elementor-widget elementor-widget-jet-engine-component-20492\" data-id=\"53c7c099\" data-element_type=\"widget\" data-e-type=\"widget\" data-widget_type=\"jet-engine-component-20492.default\">\n\t\t\t\t<div class=\"elementor-widget-container\">\n\t\t\t\t\t<style id=\"elementor-post-20492\">.elementor-20492 .elementor-element.elementor-element-8f40451{--display:flex;--justify-content:flex-start;--align-items:flex-start;--container-widget-width:calc( ( 1 - var( --container-widget-flex-grow ) ) * 100% );}.elementor-20492 .elementor-element.elementor-element-6ad94a0{--display:flex;--flex-direction:row;--container-widget-width:initial;--container-widget-height:100%;--container-widget-flex-grow:1;--container-widget-align-self:stretch;--flex-wrap-mobile:wrap;--justify-content:space-between;--gap:165px 165px;--row-gap:165px;--column-gap:165px;--padding-top:0px;--padding-bottom:48px;--padding-left:48px;--padding-right:48px;}.elementor-20492 .elementor-element.elementor-element-6ad94a0.e-con{--align-self:center;}.elementor-20492 .elementor-element.elementor-element-080803d{--display:flex;--flex-direction:column;--container-widget-width:100%;--container-widget-height:initial;--container-widget-flex-grow:0;--container-widget-align-self:initial;--flex-wrap-mobile:wrap;--justify-content:center;--gap:16px 16px;--row-gap:16px;--column-gap:16px;}.elementor-20492 .elementor-element.elementor-element-bbb283b .elementor-heading-title{font-family:var( --e-global-typography-61be3d9-font-family ), Sans-serif;font-size:var( --e-global-typography-61be3d9-font-size );font-weight:var( --e-global-typography-61be3d9-font-weight );line-height:var( --e-global-typography-61be3d9-line-height );letter-spacing:var( --e-global-typography-61be3d9-letter-spacing );word-spacing:var( --e-global-typography-61be3d9-word-spacing );}.elementor-20492 .elementor-element.elementor-element-82ad6a6{font-family:var( --e-global-typography-c45e9b3-font-family ), Sans-serif;font-size:var( --e-global-typography-c45e9b3-font-size );font-weight:var( --e-global-typography-c45e9b3-font-weight );line-height:var( --e-global-typography-c45e9b3-line-height );letter-spacing:var( --e-global-typography-c45e9b3-letter-spacing );word-spacing:var( --e-global-typography-c45e9b3-word-spacing );}.elementor-20492 .elementor-element.elementor-element-82ad6a6 > .elementor-widget-container{padding:0px 0px 0px 0px;}.elementor-20492 .elementor-element.elementor-element-aabacf2{--display:flex;--min-height:438px;}.elementor-20492 .elementor-element.elementor-element-aabacf2:not(.elementor-motion-effects-element-type-background), .elementor-20492 .elementor-element.elementor-element-aabacf2 > .elementor-motion-effects-container > .elementor-motion-effects-layer{background-position:center center;background-repeat:no-repeat;background-size:cover;}@media(min-width:768px){.elementor-20492 .elementor-element.elementor-element-080803d{--width:531px;}.elementor-20492 .elementor-element.elementor-element-aabacf2{--width:648px;}}@media(max-width:1024px){.elementor-20492 .elementor-element.elementor-element-6ad94a0{--gap:40px 40px;--row-gap:40px;--column-gap:40px;}.elementor-20492 .elementor-element.elementor-element-bbb283b .elementor-heading-title{font-size:var( --e-global-typography-61be3d9-font-size );line-height:var( --e-global-typography-61be3d9-line-height );letter-spacing:var( --e-global-typography-61be3d9-letter-spacing );word-spacing:var( --e-global-typography-61be3d9-word-spacing );}.elementor-20492 .elementor-element.elementor-element-82ad6a6{font-size:var( --e-global-typography-c45e9b3-font-size );line-height:var( --e-global-typography-c45e9b3-line-height );letter-spacing:var( --e-global-typography-c45e9b3-letter-spacing );word-spacing:var( --e-global-typography-c45e9b3-word-spacing );}.elementor-20492 .elementor-element.elementor-element-aabacf2{--min-height:330px;}}@media(max-width:767px){.elementor-20492 .elementor-element.elementor-element-6ad94a0{--gap:24px 24px;--row-gap:24px;--column-gap:24px;--padding-top:0px;--padding-bottom:48px;--padding-left:20px;--padding-right:20px;}.elementor-20492 .elementor-element.elementor-element-bbb283b .elementor-heading-title{font-size:var( --e-global-typography-61be3d9-font-size );line-height:var( --e-global-typography-61be3d9-line-height );letter-spacing:var( --e-global-typography-61be3d9-letter-spacing );word-spacing:var( --e-global-typography-61be3d9-word-spacing );}.elementor-20492 .elementor-element.elementor-element-82ad6a6{font-size:var( --e-global-typography-c45e9b3-font-size );line-height:var( --e-global-typography-c45e9b3-line-height );letter-spacing:var( --e-global-typography-c45e9b3-letter-spacing );word-spacing:var( --e-global-typography-c45e9b3-word-spacing );}.elementor-20492 .elementor-element.elementor-element-aabacf2{--min-height:226px;}}<\/style>\t\t<div data-elementor-type=\"jet-engine-component\" data-elementor-id=\"20492\" class=\"elementor elementor-20492 jet-listing-grid--20492 jet-component-instance-5487\" data-elementor-post-type=\"jet-engine\" style=\"\">\n\t\t\t\t<div class=\"elementor-element elementor-element-8f40451 e-con-full e-flex e-con e-parent\" data-id=\"8f40451\" data-element_type=\"container\" data-e-type=\"container\">\n\t\t<div class=\"elementor-element elementor-element-6ad94a0 e-con-full e-flex e-con e-child\" data-id=\"6ad94a0\" data-element_type=\"container\" data-e-type=\"container\">\n\t\t<div class=\"elementor-element elementor-element-080803d e-con-full e-flex e-con e-child\" data-id=\"080803d\" data-element_type=\"container\" data-e-type=\"container\">\n\t\t\t\t<div class=\"elementor-element elementor-element-bbb283b h1h3 elementor-widget elementor-widget-heading\" data-id=\"bbb283b\" data-element_type=\"widget\" data-e-type=\"widget\" data-widget_type=\"heading.default\">\n\t\t\t\t<div class=\"elementor-widget-container\">\n\t\t\t\t\t<h1 class=\"elementor-heading-title elementor-size-default\">Mentions l\u00e9gales<\/h1>\t\t\t\t<\/div>\n\t\t\t\t<\/div>\n\t\t\t\t<div class=\"elementor-element elementor-element-82ad6a6 lead-text elementor-widget elementor-widget-text-editor\" data-id=\"82ad6a6\" data-element_type=\"widget\" data-e-type=\"widget\" data-widget_type=\"text-editor.default\">\n\t\t\t\t<div class=\"elementor-widget-container\">\n\t\t\t\t\t\t\t\t\twww.agile.ch est le site Internet d&rsquo;Agile, la fa\u00eeti\u00e8re des organisations de personnes avec handicap.\t\t\t\t\t\t\t\t<\/div>\n\t\t\t\t<\/div>\n\t\t\t\t<\/div>\n\t\t<div class=\"elementor-element elementor-element-aabacf2 e-con-full e-flex e-con e-child\" data-id=\"aabacf2\" data-element_type=\"container\" data-e-type=\"container\" data-settings=\"{&quot;background_background&quot;:&quot;classic&quot;}\">\n\t\t\t\t<\/div>\n\t\t\t\t<\/div>\n\t\t\t\t<\/div>\n\t\t\t\t<\/div>\n\t\t\t\t\t\t<\/div>\n\t\t\t\t<\/div>\n\t\t\t\t<\/div>\n\t\t<div class=\"elementor-element elementor-element-b06c4e1 paragraph-space-bottom e-flex e-con-boxed e-con e-parent\" data-id=\"b06c4e1\" data-element_type=\"container\" data-e-type=\"container\">\n\t\t\t\t\t<div class=\"e-con-inner\">\n\t\t\t\t<div class=\"elementor-element elementor-element-710ae1e elementor-widget elementor-widget-text-editor\" data-id=\"710ae1e\" data-element_type=\"widget\" data-e-type=\"widget\" data-widget_type=\"text-editor.default\">\n\t\t\t\t<div class=\"elementor-widget-container\">\n\t\t\t\t\t\t\t\t\t<p>Agile<br \/>Effingerstrasse 55<br \/>3008 Berne<\/p><p>E-mail :<a href=\"mailto:info@agile.ch\"> info@agile.ch<br \/><\/a>T\u00e9l\u00e9phone : +41 31 390 39 39<\/p><p><strong>Coordonn\u00e9es bancaires<\/strong> pour votre don: IBAN CH49 0900 0000 3001 69450<\/p>\t\t\t\t\t\t\t\t<\/div>\n\t\t\t\t<\/div>\n\t\t\t\t\t<\/div>\n\t\t\t\t<\/div>\n\t\t<div class=\"elementor-element elementor-element-7238eaa paragraph-space-bottom e-flex e-con-boxed e-con e-parent\" data-id=\"7238eaa\" data-element_type=\"container\" data-e-type=\"container\">\n\t\t\t\t\t<div class=\"e-con-inner\">\n\t\t\t\t<div class=\"elementor-element elementor-element-662bc98 elementor-widget elementor-widget-heading\" data-id=\"662bc98\" data-element_type=\"widget\" data-e-type=\"widget\" data-widget_type=\"heading.default\">\n\t\t\t\t<div class=\"elementor-widget-container\">\n\t\t\t\t\t<h2 class=\"elementor-heading-title elementor-size-default\">Avis de responsabilit\u00e9<\/h2>\t\t\t\t<\/div>\n\t\t\t\t<\/div>\n\t\t\t\t<div class=\"elementor-element elementor-element-69f7ad3 elementor-widget elementor-widget-text-editor\" data-id=\"69f7ad3\" data-element_type=\"widget\" data-e-type=\"widget\" data-widget_type=\"text-editor.default\">\n\t\t\t\t<div class=\"elementor-widget-container\">\n\t\t\t\t\t\t\t\t\t<p>Nous nous effor\u00e7ons de maintenir le contenu de notre site Internet \u00e0 jour et exact. Toutefois, nous d\u00e9clinons toute responsabilit\u00e9 quant \u00e0 d\u2019\u00e9ventuelles erreurs ou omissions. En tant que prestataire de services, nous sommes responsables du contenu que nous publions sur ces pages, mais nous ne sommes pas tenus de surveiller les informations transmises ou stock\u00e9es par des tiers. <\/p><p>Notre site Internet contient des liens vers des sites externes sur lesquels nous n\u2019avons aucun contr\u00f4le. Par cons\u00e9quent, nous d\u00e9clinons toute responsabilit\u00e9 quant au contenu de ces sites. Seuls les exploitants des sites li\u00e9s sont responsables des informations qui y sont publi\u00e9es..  <\/p>\t\t\t\t\t\t\t\t<\/div>\n\t\t\t\t<\/div>\n\t\t\t\t\t<\/div>\n\t\t\t\t<\/div>\n\t\t<div class=\"elementor-element elementor-element-3380af46 paragraph-space-bottom e-flex e-con-boxed e-con e-parent\" data-id=\"3380af46\" data-element_type=\"container\" data-e-type=\"container\">\n\t\t\t\t\t<div class=\"e-con-inner\">\n\t\t\t\t<div class=\"elementor-element elementor-element-161d9d81 elementor-widget elementor-widget-heading\" data-id=\"161d9d81\" data-element_type=\"widget\" data-e-type=\"widget\" data-widget_type=\"heading.default\">\n\t\t\t\t<div class=\"elementor-widget-container\">\n\t\t\t\t\t<h2 class=\"elementor-heading-title elementor-size-default\">Droits d'auteur<\/h2>\t\t\t\t<\/div>\n\t\t\t\t<\/div>\n\t\t\t\t<div class=\"elementor-element elementor-element-297ad8cb elementor-widget elementor-widget-text-editor\" data-id=\"297ad8cb\" data-element_type=\"widget\" data-e-type=\"widget\" data-widget_type=\"text-editor.default\">\n\t\t\t\t<div class=\"elementor-widget-container\">\n\t\t\t\t\t\t\t\t\t<p>Le contenu de ce site Internet est prot\u00e9g\u00e9 par le droit d\u2019auteur suisse. Tous les droits relatifs aux images, vid\u00e9os, fichiers audio et textes pr\u00e9sents sur ce site appartiennent \u00e0 Agile, sauf indication contraire. Pour toute utilisation de ces contenus, veuillez nous contacter au pr\u00e9alable. Des droits d\u2019utilisation \u00e9tendus peuvent \u00eatre demand\u00e9s \u00e0 l\u2019adresse <a href=\"mailto:info@agile.ch\">info@agile.ch<\/a>.    <\/p>\t\t\t\t\t\t\t\t<\/div>\n\t\t\t\t<\/div>\n\t\t\t\t\t<\/div>\n\t\t\t\t<\/div>\n\t\t\t\t<\/div>\n\t\t","protected":false},"excerpt":{"rendered":"<p>AgileEffingerstrasse 553008 Berne E-mail : info@agile.chT\u00e9l\u00e9phone : +41 31 390 39 39 Coordonn\u00e9es bancaires pour votre don: IBAN CH49 0900 0000 3001 69450 Avis de responsabilit\u00e9 Nous nous effor\u00e7ons de maintenir le contenu de notre site Internet \u00e0 jour et exact. Toutefois, nous d\u00e9clinons toute responsabilit\u00e9 quant \u00e0 d\u2019\u00e9ventuelles erreurs ou omissions. En tant que [&hellip;]<\/p>\n","protected":false},"author":5,"featured_media":0,"parent":0,"menu_order":26,"comment_status":"closed","ping_status":"closed","template":"","meta":{"site-sidebar-layout":"no-sidebar","site-content-layout":"page-builder","ast-site-content-layout":"full-width-container","site-content-style":"default","site-sidebar-style":"default","ast-global-header-display":"","ast-banner-title-visibility":"","ast-main-header-display":"","ast-hfb-above-header-display":"","ast-hfb-below-header-display":"","ast-hfb-mobile-header-display":"","site-post-title":"disabled","ast-breadcrumbs-content":"","ast-featured-img":"disabled","footer-sml-layout":"","ast-disable-related-posts":"","theme-transparent-header-meta":"","adv-header-id-meta":"","stick-header-meta":"","header-above-stick-meta":"","header-main-stick-meta":"","header-below-stick-meta":"","astra-migrate-meta-layouts":"set","ast-page-background-enabled":"default","ast-page-background-meta":{"desktop":{"background-color":"var(--ast-global-color-4)","background-image":"","background-repeat":"repeat","background-position":"center center","background-size":"auto","background-attachment":"scroll","background-type":"","background-media":"","overlay-type":"","overlay-color":"","overlay-opacity":"","overlay-gradient":""},"tablet":{"background-color":"","background-image":"","background-repeat":"repeat","background-position":"center center","background-size":"auto","background-attachment":"scroll","background-type":"","background-media":"","overlay-type":"","overlay-color":"","overlay-opacity":"","overlay-gradient":""},"mobile":{"background-color":"","background-image":"","background-repeat":"repeat","background-position":"center center","background-size":"auto","background-attachment":"scroll","background-type":"","background-media":"","overlay-type":"","overlay-color":"","overlay-opacity":"","overlay-gradient":""}},"ast-content-background-meta":{"desktop":{"background-color":"var(--ast-global-color-5)","background-image":"","background-repeat":"repeat","background-position":"center center","background-size":"auto","background-attachment":"scroll","background-type":"","background-media":"","overlay-type":"","overlay-color":"","overlay-opacity":"","overlay-gradient":""},"tablet":{"background-color":"var(--ast-global-color-5)","background-image":"","background-repeat":"repeat","background-position":"center center","background-size":"auto","background-attachment":"scroll","background-type":"","background-media":"","overlay-type":"","overlay-color":"","overlay-opacity":"","overlay-gradient":""},"mobile":{"background-color":"var(--ast-global-color-5)","background-image":"","background-repeat":"repeat","background-position":"center center","background-size":"auto","background-attachment":"scroll","background-type":"","background-media":"","overlay-type":"","overlay-color":"","overlay-opacity":"","overlay-gradient":""}},"footnotes":""},"teaser-auf-home":[],"formate-tags":[],"agile-tags":[119],"class_list":["post-16519","page","type-page","status-publish","hentry","agile-tags-a-propos-dagile"],"yoast_head":"<!-- This site is optimized with the Yoast SEO plugin v27.4 - https:\/\/yoast.com\/product\/yoast-seo-wordpress\/ -->\n<title>Mentions l\u00e9gales \u2013 Informations l\u00e9gales sur Agile<\/title>\n<meta name=\"description\" content=\"Consultez les mentions l\u00e9gales du site d\u2019Agile, fa\u00eeti\u00e8re de l\u2019autorepr\u00e9sentation des personnes handicap\u00e9es en Suisse.\" \/>\n<meta name=\"robots\" content=\"index, follow, max-snippet:-1, max-image-preview:large, max-video-preview:-1\" \/>\n<link rel=\"canonical\" href=\"https:\/\/agile.ch\/fr\/mentions-legales\/\" \/>\n<meta property=\"og:locale\" content=\"fr_FR\" \/>\n<meta property=\"og:type\" content=\"article\" \/>\n<meta property=\"og:title\" content=\"Mentions l\u00e9gales \u2013 Informations l\u00e9gales sur Agile\" \/>\n<meta property=\"og:description\" content=\"Consultez les mentions l\u00e9gales du site d\u2019Agile, fa\u00eeti\u00e8re de l\u2019autorepr\u00e9sentation des personnes handicap\u00e9es en Suisse.\" \/>\n<meta property=\"og:url\" content=\"https:\/\/agile.ch\/fr\/mentions-legales\/\" \/>\n<meta property=\"og:site_name\" content=\"Agile\" \/>\n<meta property=\"article:modified_time\" content=\"2026-03-11T13:35:30+00:00\" \/>\n<meta name=\"twitter:card\" content=\"summary_large_image\" \/>\n<meta name=\"twitter:label1\" content=\"Dur\u00e9e de lecture estim\u00e9e\" \/>\n\t<meta name=\"twitter:data1\" content=\"2 minutes\" \/>\n<script type=\"application\/ld+json\" class=\"yoast-schema-graph\">{\"@context\":\"https:\\\/\\\/schema.org\",\"@graph\":[{\"@type\":\"WebPage\",\"@id\":\"https:\\\/\\\/agile.ch\\\/fr\\\/mentions-legales\\\/\",\"url\":\"https:\\\/\\\/agile.ch\\\/fr\\\/mentions-legales\\\/\",\"name\":\"Mentions l\u00e9gales \u2013 Informations l\u00e9gales sur Agile\",\"isPartOf\":{\"@id\":\"https:\\\/\\\/agile.ch\\\/fr\\\/#website\"},\"datePublished\":\"2025-04-16T14:08:30+00:00\",\"dateModified\":\"2026-03-11T13:35:30+00:00\",\"description\":\"Consultez les mentions l\u00e9gales du site d\u2019Agile, fa\u00eeti\u00e8re de l\u2019autorepr\u00e9sentation des personnes handicap\u00e9es en Suisse.\",\"breadcrumb\":{\"@id\":\"https:\\\/\\\/agile.ch\\\/fr\\\/mentions-legales\\\/#breadcrumb\"},\"inLanguage\":\"fr-FR\",\"potentialAction\":[{\"@type\":\"ReadAction\",\"target\":[\"https:\\\/\\\/agile.ch\\\/fr\\\/mentions-legales\\\/\"]}]},{\"@type\":\"BreadcrumbList\",\"@id\":\"https:\\\/\\\/agile.ch\\\/fr\\\/mentions-legales\\\/#breadcrumb\",\"itemListElement\":[{\"@type\":\"ListItem\",\"position\":1,\"name\":\"Startseite\",\"item\":\"https:\\\/\\\/agile.ch\\\/fr\\\/\"},{\"@type\":\"ListItem\",\"position\":2,\"name\":\"\u00c0 propos d'Agile\",\"item\":\"https:\\\/\\\/agile.ch\\\/fr\\\/?taxonomy=agile-tags&term=a-propos-dagile\"},{\"@type\":\"ListItem\",\"position\":3,\"name\":\"Mentions l\u00e9gales\"}]},{\"@type\":\"WebSite\",\"@id\":\"https:\\\/\\\/agile.ch\\\/fr\\\/#website\",\"url\":\"https:\\\/\\\/agile.ch\\\/fr\\\/\",\"name\":\"Agile\",\"description\":\"Agile ist der Schweizer Dachverband der Selbsthilfe- und Selbstvertretungsorganisationen von Menschen mit Behinderungen.\",\"publisher\":{\"@id\":\"https:\\\/\\\/agile.ch\\\/fr\\\/#organization\"},\"potentialAction\":[{\"@type\":\"SearchAction\",\"target\":{\"@type\":\"EntryPoint\",\"urlTemplate\":\"https:\\\/\\\/agile.ch\\\/fr\\\/?s={search_term_string}\"},\"query-input\":{\"@type\":\"PropertyValueSpecification\",\"valueRequired\":true,\"valueName\":\"search_term_string\"}}],\"inLanguage\":\"fr-FR\"},{\"@type\":\"Organization\",\"@id\":\"https:\\\/\\\/agile.ch\\\/fr\\\/#organization\",\"name\":\"Agile\",\"url\":\"https:\\\/\\\/agile.ch\\\/fr\\\/\",\"logo\":{\"@type\":\"ImageObject\",\"inLanguage\":\"fr-FR\",\"@id\":\"https:\\\/\\\/agile.ch\\\/fr\\\/#\\\/schema\\\/logo\\\/image\\\/\",\"url\":\"https:\\\/\\\/agile.ch\\\/wp-content\\\/uploads\\\/2023\\\/03\\\/Agile-Logo.webp\",\"contentUrl\":\"https:\\\/\\\/agile.ch\\\/wp-content\\\/uploads\\\/2023\\\/03\\\/Agile-Logo.webp\",\"width\":180,\"height\":68,\"caption\":\"Agile\"},\"image\":{\"@id\":\"https:\\\/\\\/agile.ch\\\/fr\\\/#\\\/schema\\\/logo\\\/image\\\/\"}}]}<\/script>\n<!-- \/ Yoast SEO plugin. -->","yoast_head_json":{"title":"Mentions l\u00e9gales \u2013 Informations l\u00e9gales sur Agile","description":"Consultez les mentions l\u00e9gales du site d\u2019Agile, fa\u00eeti\u00e8re de l\u2019autorepr\u00e9sentation des personnes handicap\u00e9es en Suisse.","robots":{"index":"index","follow":"follow","max-snippet":"max-snippet:-1","max-image-preview":"max-image-preview:large","max-video-preview":"max-video-preview:-1"},"canonical":"https:\/\/agile.ch\/fr\/mentions-legales\/","og_locale":"fr_FR","og_type":"article","og_title":"Mentions l\u00e9gales \u2013 Informations l\u00e9gales sur Agile","og_description":"Consultez les mentions l\u00e9gales du site d\u2019Agile, fa\u00eeti\u00e8re de l\u2019autorepr\u00e9sentation des personnes handicap\u00e9es en Suisse.","og_url":"https:\/\/agile.ch\/fr\/mentions-legales\/","og_site_name":"Agile","article_modified_time":"2026-03-11T13:35:30+00:00","twitter_card":"summary_large_image","twitter_misc":{"Dur\u00e9e de lecture estim\u00e9e":"2 minutes"},"schema":{"@context":"https:\/\/schema.org","@graph":[{"@type":"WebPage","@id":"https:\/\/agile.ch\/fr\/mentions-legales\/","url":"https:\/\/agile.ch\/fr\/mentions-legales\/","name":"Mentions l\u00e9gales \u2013 Informations l\u00e9gales sur Agile","isPartOf":{"@id":"https:\/\/agile.ch\/fr\/#website"},"datePublished":"2025-04-16T14:08:30+00:00","dateModified":"2026-03-11T13:35:30+00:00","description":"Consultez les mentions l\u00e9gales du site d\u2019Agile, fa\u00eeti\u00e8re de l\u2019autorepr\u00e9sentation des personnes handicap\u00e9es en Suisse.","breadcrumb":{"@id":"https:\/\/agile.ch\/fr\/mentions-legales\/#breadcrumb"},"inLanguage":"fr-FR","potentialAction":[{"@type":"ReadAction","target":["https:\/\/agile.ch\/fr\/mentions-legales\/"]}]},{"@type":"BreadcrumbList","@id":"https:\/\/agile.ch\/fr\/mentions-legales\/#breadcrumb","itemListElement":[{"@type":"ListItem","position":1,"name":"Startseite","item":"https:\/\/agile.ch\/fr\/"},{"@type":"ListItem","position":2,"name":"\u00c0 propos d'Agile","item":"https:\/\/agile.ch\/fr\/?taxonomy=agile-tags&term=a-propos-dagile"},{"@type":"ListItem","position":3,"name":"Mentions l\u00e9gales"}]},{"@type":"WebSite","@id":"https:\/\/agile.ch\/fr\/#website","url":"https:\/\/agile.ch\/fr\/","name":"Agile","description":"Agile ist der Schweizer Dachverband der Selbsthilfe- und Selbstvertretungsorganisationen von Menschen mit Behinderungen.","publisher":{"@id":"https:\/\/agile.ch\/fr\/#organization"},"potentialAction":[{"@type":"SearchAction","target":{"@type":"EntryPoint","urlTemplate":"https:\/\/agile.ch\/fr\/?s={search_term_string}"},"query-input":{"@type":"PropertyValueSpecification","valueRequired":true,"valueName":"search_term_string"}}],"inLanguage":"fr-FR"},{"@type":"Organization","@id":"https:\/\/agile.ch\/fr\/#organization","name":"Agile","url":"https:\/\/agile.ch\/fr\/","logo":{"@type":"ImageObject","inLanguage":"fr-FR","@id":"https:\/\/agile.ch\/fr\/#\/schema\/logo\/image\/","url":"https:\/\/agile.ch\/wp-content\/uploads\/2023\/03\/Agile-Logo.webp","contentUrl":"https:\/\/agile.ch\/wp-content\/uploads\/2023\/03\/Agile-Logo.webp","width":180,"height":68,"caption":"Agile"},"image":{"@id":"https:\/\/agile.ch\/fr\/#\/schema\/logo\/image\/"}}]}},"_links":{"self":[{"href":"https:\/\/agile.ch\/fr\/wp-json\/wp\/v2\/pages\/16519","targetHints":{"allow":["GET"]}}],"collection":[{"href":"https:\/\/agile.ch\/fr\/wp-json\/wp\/v2\/pages"}],"about":[{"href":"https:\/\/agile.ch\/fr\/wp-json\/wp\/v2\/types\/page"}],"author":[{"embeddable":true,"href":"https:\/\/agile.ch\/fr\/wp-json\/wp\/v2\/users\/5"}],"replies":[{"embeddable":true,"href":"https:\/\/agile.ch\/fr\/wp-json\/wp\/v2\/comments?post=16519"}],"version-history":[{"count":5,"href":"https:\/\/agile.ch\/fr\/wp-json\/wp\/v2\/pages\/16519\/revisions"}],"predecessor-version":[{"id":23083,"href":"https:\/\/agile.ch\/fr\/wp-json\/wp\/v2\/pages\/16519\/revisions\/23083"}],"wp:attachment":[{"href":"https:\/\/agile.ch\/fr\/wp-json\/wp\/v2\/media?parent=16519"}],"wp:term":[{"taxonomy":"teaser-auf-home","embeddable":true,"href":"https:\/\/agile.ch\/fr\/wp-json\/wp\/v2\/teaser-auf-home?post=16519"},{"taxonomy":"formate-tags","embeddable":true,"href":"https:\/\/agile.ch\/fr\/wp-json\/wp\/v2\/formate-tags?post=16519"},{"taxonomy":"agile-tags","embeddable":true,"href":"https:\/\/agile.ch\/fr\/wp-json\/wp\/v2\/agile-tags?post=16519"}],"curies":[{"name":"wp","href":"https:\/\/api.w.org\/{rel}","templated":true}]}}